{"id":6,"date":"2025-03-06T15:38:40","date_gmt":"2025-03-06T15:38:40","guid":{"rendered":"https:\/\/familiarosa.es\/?page_id=6"},"modified":"2025-06-03T10:59:14","modified_gmt":"2025-06-03T09:59:14","slug":"home","status":"publish","type":"page","link":"https:\/\/familiarosa.es\/","title":{"rendered":"Home"},"content":{"rendered":"\n<div id=\"servicios\" class=\"wp-block-group is-layout-constrained wp-block-group-is-layout-constrained\">\n<h2 class=\"wp-block-heading has-text-align-center has-primary-color has-text-color has-link-color wp-elements-2502876e526d09906e72668c4e4e45df\" style=\"font-size:30px;font-style:italic;font-weight:400\">Soluciones de transporte y elevaci\u00f3n<br>confiables para cualquier proyecto<\/h2>\n\n\n\n<figure class=\"wp-block-image size-large\"><img loading=\"lazy\" decoding=\"async\" width=\"1024\" height=\"123\" src=\"https:\/\/familiarosa.es\/wp-content\/uploads\/2025\/05\/que-necesitas-1024x123.png\" alt=\"\" class=\"wp-image-52\" srcset=\"https:\/\/familiarosa.es\/wp-content\/uploads\/2025\/05\/que-necesitas-1024x123.png 1024w, https:\/\/familiarosa.es\/wp-content\/uploads\/2025\/05\/que-necesitas-300x36.png 300w, https:\/\/familiarosa.es\/wp-content\/uploads\/2025\/05\/que-necesitas-768x93.png 768w, https:\/\/familiarosa.es\/wp-content\/uploads\/2025\/05\/que-necesitas.png 1129w\" sizes=\"auto, (max-width: 1024px) 100vw, 1024px\" \/><\/figure>\n\n\n\n<p class=\"has-text-align-center font-montserrat has-medium-font-size\" style=\"font-style:normal;font-weight:500\">NUESTRO SERVICIOS<\/p>\n<\/div>\n\n\n\n<div class=\"wp-block-group alignwide is-content-justification-space-between is-nowrap is-layout-flex wp-container-core-group-is-layout-0dfbf163 wp-block-group-is-layout-flex\">\n<div class=\"wp-block-group is-vertical is-content-justification-left is-layout-flex wp-container-core-group-is-layout-27b42105 wp-block-group-is-layout-flex\">\n<figure class=\"wp-block-image size-full is-resized\"><img loading=\"lazy\" decoding=\"async\" width=\"252\" height=\"306\" src=\"https:\/\/familiarosa.es\/wp-content\/uploads\/2025\/05\/granito.png\" alt=\"\" class=\"wp-image-53\" style=\"width:250px\" srcset=\"https:\/\/familiarosa.es\/wp-content\/uploads\/2025\/05\/granito.png 252w, https:\/\/familiarosa.es\/wp-content\/uploads\/2025\/05\/granito-247x300.png 247w\" sizes=\"auto, (max-width: 252px) 100vw, 252px\" \/><\/figure>\n\n\n\n<p class=\"font-montserrat\" style=\"font-size:16px;font-style:normal;font-weight:700\">Transporte <br>de m\u00e1rmol<\/p>\n\n\n\n<p class=\"font-montserrat\">Garantizamos seguridad y eficiencia en cada env\u00edo. Utilizamos veh\u00edculos adecuados y personal capacitado para asegurar la integridad del material durante todo el proceso. Ofrecemos soluciones personalizadas y seguimiento en tiempo real para cada carga.<\/p>\n<\/div>\n\n\n\n<div class=\"wp-block-group is-vertical is-layout-flex wp-container-core-group-is-layout-b7faace9 wp-block-group-is-layout-flex\">\n<figure class=\"wp-block-image size-full is-resized\"><img loading=\"lazy\" decoding=\"async\" width=\"252\" height=\"306\" src=\"https:\/\/familiarosa.es\/wp-content\/uploads\/2025\/05\/grua.png\" alt=\"\" class=\"wp-image-54\" style=\"width:250px\" srcset=\"https:\/\/familiarosa.es\/wp-content\/uploads\/2025\/05\/grua.png 252w, https:\/\/familiarosa.es\/wp-content\/uploads\/2025\/05\/grua-247x300.png 247w\" sizes=\"auto, (max-width: 252px) 100vw, 252px\" \/><\/figure>\n\n\n\n<p class=\"font-montserrat\" style=\"font-size:16px;font-style:normal;font-weight:700\">Alquiler de gr\u00faa <br>por horas<\/p>\n\n\n\n<p class=\"font-montserrat\">Ofrecemos servicio de alquiler de gr\u00faas por horas, con operadores expertos y equipos modernos para garantizar un trabajo seguro y eficiente. Atendemos proyectos de construcci\u00f3n, instalaci\u00f3n o carga pesada, adapt\u00e1ndonos a las necesidades espec\u00edficas de cada cliente. Flexibilidad y profesionalismo en cada operaci\u00f3n.<\/p>\n<\/div>\n\n\n\n<div class=\"wp-block-group is-vertical is-layout-flex wp-container-core-group-is-layout-b7faace9 wp-block-group-is-layout-flex\">\n<figure class=\"wp-block-image size-full is-resized\"><img loading=\"lazy\" decoding=\"async\" width=\"252\" height=\"306\" src=\"https:\/\/familiarosa.es\/wp-content\/uploads\/2025\/05\/palet.png\" alt=\"\" class=\"wp-image-55\" style=\"width:250px\" srcset=\"https:\/\/familiarosa.es\/wp-content\/uploads\/2025\/05\/palet.png 252w, https:\/\/familiarosa.es\/wp-content\/uploads\/2025\/05\/palet-247x300.png 247w\" sizes=\"auto, (max-width: 252px) 100vw, 252px\" \/><\/figure>\n\n\n\n<p class=\"font-montserrat\" style=\"font-size:16px;font-style:normal;font-weight:700\">Transporte de material <br>de construcci\u00f3n y palets<\/p>\n\n\n\n<p class=\"font-montserrat\">Servicios de alquiler de transporte para materiales de construcci\u00f3n, con una flota adaptada a todo tipo de cargas. Garantizamos entregas puntuales y seguras, ajust\u00e1ndonos a las necesidades de cada proyecto. Contamos con conductores capacitados y soluciones personalizadas para obras de cualquier tama\u00f1o.<\/p>\n<\/div>\n<\/div>\n\n\n\n<div class=\"wp-block-cover alignfull is-light has-custom-content-position is-position-bottom-center\" id=\"nosotros\"><img loading=\"lazy\" decoding=\"async\" width=\"1024\" height=\"742\" class=\"wp-block-cover__image-background wp-image-57 size-large\" alt=\"\" src=\"https:\/\/familiarosa.es\/wp-content\/uploads\/2025\/05\/nubes-1024x742.png\" style=\"object-position:50% 0%\" data-object-fit=\"cover\" data-object-position=\"50% 0%\" srcset=\"https:\/\/familiarosa.es\/wp-content\/uploads\/2025\/05\/nubes-1024x742.png 1024w, https:\/\/familiarosa.es\/wp-content\/uploads\/2025\/05\/nubes-300x217.png 300w, https:\/\/familiarosa.es\/wp-content\/uploads\/2025\/05\/nubes-768x556.png 768w, https:\/\/familiarosa.es\/wp-content\/uploads\/2025\/05\/nubes-1536x1113.png 1536w, https:\/\/familiarosa.es\/wp-content\/uploads\/2025\/05\/nubes.png 1920w\" sizes=\"auto, (max-width: 1024px) 100vw, 1024px\" \/><span aria-hidden=\"true\" class=\"wp-block-cover__background has-background-dim-0 has-background-dim\" style=\"background-color:#f6f1e5\"><\/span><div class=\"wp-block-cover__inner-container is-layout-constrained wp-block-cover-is-layout-constrained\">\n<div style=\"height:226px\" aria-hidden=\"true\" class=\"wp-block-spacer\"><\/div>\n\n\n\n<div class=\"wp-block-group is-layout-constrained wp-block-group-is-layout-constrained\">\n<h2 class=\"wp-block-heading has-text-align-center font-montserrat has-primary-color has-text-color has-link-color wp-elements-35a35f2f2261033149e76bfa82ad8e9d\" style=\"font-size:30px;font-style:italic;font-weight:400\">Soluciones de transporte y elevaci\u00f3n<br>confiables para cualquier proyecto<\/h2>\n\n\n\n<figure class=\"wp-block-image size-full is-resized\"><img loading=\"lazy\" decoding=\"async\" width=\"599\" height=\"94\" src=\"https:\/\/familiarosa.es\/wp-content\/uploads\/2025\/05\/historia-1.png\" alt=\"\" class=\"wp-image-59\" style=\"width:640px;height:auto\" srcset=\"https:\/\/familiarosa.es\/wp-content\/uploads\/2025\/05\/historia-1.png 599w, https:\/\/familiarosa.es\/wp-content\/uploads\/2025\/05\/historia-1-300x47.png 300w\" sizes=\"auto, (max-width: 599px) 100vw, 599px\" \/><\/figure>\n\n\n\n<p class=\"has-text-align-center font-montserrat has-medium-font-size\" style=\"font-style:normal;font-weight:500\">\u00bfC\u00d3MO EMPEZAMOS?<\/p>\n\n\n\n<div class=\"wp-block-group is-nowrap is-layout-flex wp-container-core-group-is-layout-ad2f72ca wp-block-group-is-layout-flex\">\n<figure class=\"wp-block-image size-full\"><img loading=\"lazy\" decoding=\"async\" width=\"459\" height=\"346\" src=\"https:\/\/familiarosa.es\/wp-content\/uploads\/2025\/05\/camion_old.png\" alt=\"\" class=\"wp-image-60\" srcset=\"https:\/\/familiarosa.es\/wp-content\/uploads\/2025\/05\/camion_old.png 459w, https:\/\/familiarosa.es\/wp-content\/uploads\/2025\/05\/camion_old-300x226.png 300w\" sizes=\"auto, (max-width: 459px) 100vw, 459px\" \/><\/figure>\n\n\n\n<figure class=\"wp-block-image size-full\"><img loading=\"lazy\" decoding=\"async\" width=\"459\" height=\"346\" src=\"https:\/\/familiarosa.es\/wp-content\/uploads\/2025\/05\/ubicacion_old.png\" alt=\"\" class=\"wp-image-61\" srcset=\"https:\/\/familiarosa.es\/wp-content\/uploads\/2025\/05\/ubicacion_old.png 459w, https:\/\/familiarosa.es\/wp-content\/uploads\/2025\/05\/ubicacion_old-300x226.png 300w\" sizes=\"auto, (max-width: 459px) 100vw, 459px\" \/><\/figure>\n<\/div>\n\n\n\n<p class=\"has-text-align-center font-montserrat\" style=\"font-size:16px\">La empresa de transportes \u00abFam\u00edlia Rosa\u00bb fue fundada por su visionario creador, quien comenz\u00f3 con un peque\u00f1o cami\u00f3n de apenas 3000 kg de capacidad. Sin gr\u00faa en sus inicios, se las ingeniaba para realizar los encargos, buscando clientes cada d\u00eda en la Plaza del Prado de Gand\u00eda. Con esfuerzo y dedicaci\u00f3n, incorpor\u00f3 gr\u00faas a su flota y fue expandiendo su negocio, ganando la confianza de la comunidad y consolid\u00e1ndose en el sector del transporte.<\/p>\n<\/div>\n\n\n\n<div style=\"height:148px\" aria-hidden=\"true\" class=\"wp-block-spacer\"><\/div>\n<\/div><\/div>\n\n\n\n<div id=\"ambito\" class=\"wp-block-group is-layout-constrained wp-block-group-is-layout-constrained\">\n<p class=\"has-text-align-center font-montserrat has-primary-color has-text-color has-link-color wp-elements-660059a3ba38505e510bbc7be6de45ea\" style=\"font-size:30px;font-style:italic;font-weight:400\">Llevamos tu mercanc\u00eda a buen puerto<br>en todo el territorio nacional<\/p>\n\n\n\n<figure class=\"wp-block-image size-full\"><img loading=\"lazy\" decoding=\"async\" width=\"733\" height=\"117\" src=\"https:\/\/familiarosa.es\/wp-content\/uploads\/2025\/05\/peninsula_back.png\" alt=\"\" class=\"wp-image-62\" srcset=\"https:\/\/familiarosa.es\/wp-content\/uploads\/2025\/05\/peninsula_back.png 733w, https:\/\/familiarosa.es\/wp-content\/uploads\/2025\/05\/peninsula_back-300x48.png 300w\" sizes=\"auto, (max-width: 733px) 100vw, 733px\" \/><\/figure>\n\n\n\n<p class=\"has-text-align-center font-montserrat has-medium-font-size\" style=\"font-style:normal;font-weight:500\">LLEGAMOS A TODAS LAS COMUNIDADES DE LA PENINSULA<\/p>\n\n\n\n<figure class=\"wp-block-image size-full\"><img loading=\"lazy\" decoding=\"async\" width=\"794\" height=\"613\" src=\"https:\/\/familiarosa.es\/wp-content\/uploads\/2025\/05\/mapa.png\" alt=\"\" class=\"wp-image-63\" srcset=\"https:\/\/familiarosa.es\/wp-content\/uploads\/2025\/05\/mapa.png 794w, https:\/\/familiarosa.es\/wp-content\/uploads\/2025\/05\/mapa-300x232.png 300w, https:\/\/familiarosa.es\/wp-content\/uploads\/2025\/05\/mapa-768x593.png 768w\" sizes=\"auto, (max-width: 794px) 100vw, 794px\" \/><\/figure>\n<\/div>\n\n\n\n<div class=\"wp-block-group alignfull has-tertiary-background-color has-background is-layout-constrained wp-block-group-is-layout-constrained\" id=\"contacto\">\n<div style=\"height:85px\" aria-hidden=\"true\" class=\"wp-block-spacer\"><\/div>\n\n\n\n<p class=\"has-text-align-center font-montserrat has-primary-color has-text-color has-link-color wp-elements-74c2ddd16d2fbe2d6afe7f8ece21145d\" style=\"font-size:30px;font-style:italic;font-weight:400\">A tu disposici\u00f3n para resolver <br>tus dudas<\/p>\n\n\n\n<figure class=\"wp-block-image size-full\"><img loading=\"lazy\" decoding=\"async\" width=\"704\" height=\"94\" src=\"https:\/\/familiarosa.es\/wp-content\/uploads\/2025\/05\/contacto_back.png\" alt=\"\" class=\"wp-image-64\" srcset=\"https:\/\/familiarosa.es\/wp-content\/uploads\/2025\/05\/contacto_back.png 704w, https:\/\/familiarosa.es\/wp-content\/uploads\/2025\/05\/contacto_back-300x40.png 300w\" sizes=\"auto, (max-width: 704px) 100vw, 704px\" \/><\/figure>\n\n\n\n<p class=\"has-text-align-center font-montserrat has-medium-font-size\" style=\"font-style:normal;font-weight:500\">ESTAMOS AQU\u00cd PARA TI<\/p>\n\n\n\n<div class=\"wp-block-columns alignwide is-layout-flex wp-container-core-columns-is-layout-9d6595d7 wp-block-columns-is-layout-flex\">\n<div class=\"wp-block-column is-layout-flow wp-block-column-is-layout-flow\">\n<p class=\"font-montserrat\">Estamos a tu disposici\u00f3n para resolver tus dudas, escuchar tus opiniones y brindarte toda la asistencia que necesites. Tienes varias opciones para ponerte en contacto con nosotros. Si prefieres enviarnos un mensaje directamente desde nuestra p\u00e1gina web, simplemente llena nuestro formulario de contacto y nos aseguraremos de responderte a la brevedad.<\/p>\n<\/div>\n\n\n\n<div class=\"wp-block-column is-layout-flow wp-block-column-is-layout-flow\">\n<p class=\"font-montserrat\"><strong>TRANSPORTES FAMILIA ROSA SL <br><\/strong>C\/ Gabriel Mir\u00f3 15, 11-A<br>46701 Gandia &#8211; Valencia (Espa\u00f1a) <br>T. +34 691 270 024 <br>Comercial: yolanda@familiarosa.es<\/p>\n<\/div>\n<\/div>\n\n\n\n<div class=\"wp-block-columns alignwide is-layout-flex wp-container-core-columns-is-layout-9d6595d7 wp-block-columns-is-layout-flex\">\n<div class=\"wp-block-column is-layout-flow wp-block-column-is-layout-flow\">\n<figure class=\"wp-block-image size-full\"><img loading=\"lazy\" decoding=\"async\" width=\"421\" height=\"326\" src=\"https:\/\/familiarosa.es\/wp-content\/uploads\/2025\/05\/camion.png\" alt=\"\" class=\"wp-image-65\" srcset=\"https:\/\/familiarosa.es\/wp-content\/uploads\/2025\/05\/camion.png 421w, https:\/\/familiarosa.es\/wp-content\/uploads\/2025\/05\/camion-300x232.png 300w\" sizes=\"auto, (max-width: 421px) 100vw, 421px\" \/><\/figure>\n<\/div>\n\n\n\n<div class=\"wp-block-column is-layout-flow wp-block-column-is-layout-flow\">\n<div class=\"wp-block-contact-form-7-contact-form-selector\">\n<div class=\"wpcf7 no-js\" id=\"wpcf7-f82-o1\" lang=\"es-ES\" dir=\"ltr\" data-wpcf7-id=\"82\">\n<div class=\"screen-reader-response\"><p role=\"status\" aria-live=\"polite\" aria-atomic=\"true\"><\/p> <ul><\/ul><\/div>\n<form action=\"\/index.php\/wp-json\/wp\/v2\/pages\/6#wpcf7-f82-o1\" method=\"post\" class=\"wpcf7-form init\" aria-label=\"Formulario de contacto\" novalidate=\"novalidate\" data-status=\"init\">\n<fieldset class=\"hidden-fields-container\"><input type=\"hidden\" name=\"_wpcf7\" value=\"82\" \/><input type=\"hidden\" name=\"_wpcf7_version\" value=\"6.1.3\" \/><input type=\"hidden\" name=\"_wpcf7_locale\" value=\"es_ES\" \/><input type=\"hidden\" name=\"_wpcf7_unit_tag\" value=\"wpcf7-f82-o1\" \/><input type=\"hidden\" name=\"_wpcf7_container_post\" value=\"0\" \/><input type=\"hidden\" name=\"_wpcf7_posted_data_hash\" value=\"\" \/>\n<\/fieldset>\n<p><label> <span class=\"wpcf7-form-control-wrap\" data-name=\"your-name\"><input size=\"40\" maxlength=\"400\" class=\"wpcf7-form-control wpcf7-text wpcf7-validates-as-required\" aria-required=\"true\" aria-invalid=\"false\" placeholder=\"Nombre*\" value=\"\" type=\"text\" name=\"your-name\" \/><\/span> <\/label><br \/>\n<label> <span class=\"wpcf7-form-control-wrap\" data-name=\"your-email\"><input size=\"40\" maxlength=\"400\" class=\"wpcf7-form-control wpcf7-email wpcf7-validates-as-required wpcf7-text wpcf7-validates-as-email\" autocomplete=\"email\" aria-required=\"true\" aria-invalid=\"false\" placeholder=\"Email*\" value=\"\" type=\"email\" name=\"your-email\" \/><\/span> <\/label><br \/>\n<label> <span class=\"wpcf7-form-control-wrap\" data-name=\"your-phone\"><input size=\"40\" maxlength=\"400\" class=\"wpcf7-form-control wpcf7-text wpcf7-validates-as-required\" autocomplete=\"phone\" aria-required=\"true\" aria-invalid=\"false\" placeholder=\"Tel\u00e9fono*\" value=\"\" type=\"text\" name=\"your-phone\" \/><\/span> <\/label><br \/>\n<label> <span class=\"wpcf7-form-control-wrap\" data-name=\"your-message\"><textarea cols=\"40\" rows=\"10\" maxlength=\"2000\" class=\"wpcf7-form-control wpcf7-textarea wpcf7-validates-as-required\" aria-required=\"true\" aria-invalid=\"false\" placeholder=\"Mensaje*\" name=\"your-message\"><\/textarea><\/span> <\/label><br \/>\n<span class=\"wpcf7-form-control-wrap\" data-name=\"acceptance\"><span class=\"wpcf7-form-control wpcf7-acceptance\"><span class=\"wpcf7-list-item\"><label><input type=\"checkbox\" name=\"acceptance\" value=\"1\" aria-invalid=\"false\" \/><span class=\"wpcf7-list-item-label\">He le\u00eddo y acepto la politica de privacidad<\/span><\/label><\/span><\/span><\/span><br \/>\n<input class=\"wpcf7-form-control wpcf7-submit has-spinner\" type=\"submit\" value=\"Enviar\" \/>\n<\/p><div class=\"wpcf7-response-output\" aria-hidden=\"true\"><\/div>\n<\/form>\n<\/div>\n<\/div>\n<\/div>\n<\/div>\n<\/div>\n\n\n\n<div class=\"wp-block-group is-layout-constrained wp-block-group-is-layout-constrained\">\n<p>Financiado por la Uni\u00f3n Europea \u2013 Next Generation EU.<\/p>\n\n\n\n<div class=\"wp-block-columns is-layout-flex wp-container-core-columns-is-layout-9d6595d7 wp-block-columns-is-layout-flex\">\n<div class=\"wp-block-column is-layout-flow wp-block-column-is-layout-flow\">\n<figure class=\"wp-block-image size-full\"><img decoding=\"async\" src=\"https:\/\/psicologaevaoliver.com\/wp-content\/uploads\/2023\/10\/ge-400x225-1.webp\" alt=\"\" class=\"wp-image-105\"\/><\/figure>\n<\/div>\n\n\n\n<div class=\"wp-block-column is-layout-flow wp-block-column-is-layout-flow\">\n<figure class=\"wp-block-image size-full\"><img decoding=\"async\" src=\"https:\/\/psicologaevaoliver.com\/wp-content\/uploads\/2023\/10\/ue-400x225-1.webp\" alt=\"\" class=\"wp-image-106\"\/><\/figure>\n<\/div>\n<\/div>\n<\/div>\n","protected":false},"excerpt":{"rendered":"<p>Soluciones de transporte y elevaci\u00f3nconfiables para cualquier proyecto NUESTRO SERVICIOS Transporte de m\u00e1rmol Garantizamos seguridad y eficiencia en cada env\u00edo. Utilizamos veh\u00edculos adecuados y personal capacitado para asegurar la integridad del material durante todo el proceso. Ofrecemos soluciones personalizadas y seguimiento en tiempo real para cada carga. Alquiler de gr\u00faa por horas Ofrecemos servicio de<a href=\"https:\/\/familiarosa.es\/\">Continue reading <span class=\"sr-only\">\u00abHome\u00bb<\/span><\/a><\/p>\n","protected":false},"author":1,"featured_media":0,"parent":0,"menu_order":0,"comment_status":"closed","ping_status":"closed","template":"","meta":{"_acf_changed":false,"footnotes":""},"class_list":["post-6","page","type-page","status-publish","hentry"],"acf":[],"_links":{"self":[{"href":"https:\/\/familiarosa.es\/index.php\/wp-json\/wp\/v2\/pages\/6","targetHints":{"allow":["GET"]}}],"collection":[{"href":"https:\/\/familiarosa.es\/index.php\/wp-json\/wp\/v2\/pages"}],"about":[{"href":"https:\/\/familiarosa.es\/index.php\/wp-json\/wp\/v2\/types\/page"}],"author":[{"embeddable":true,"href":"https:\/\/familiarosa.es\/index.php\/wp-json\/wp\/v2\/users\/1"}],"replies":[{"embeddable":true,"href":"https:\/\/familiarosa.es\/index.php\/wp-json\/wp\/v2\/comments?post=6"}],"version-history":[{"count":21,"href":"https:\/\/familiarosa.es\/index.php\/wp-json\/wp\/v2\/pages\/6\/revisions"}],"predecessor-version":[{"id":92,"href":"https:\/\/familiarosa.es\/index.php\/wp-json\/wp\/v2\/pages\/6\/revisions\/92"}],"wp:attachment":[{"href":"https:\/\/familiarosa.es\/index.php\/wp-json\/wp\/v2\/media?parent=6"}],"curies":[{"name":"wp","href":"https:\/\/api.w.org\/{rel}","templated":true}]}}